{"id":47,"date":"2021-05-16T10:06:01","date_gmt":"2021-05-16T10:06:01","guid":{"rendered":"http:\/\/vkmusic.de\/?page_id=47"},"modified":"2026-04-05T11:56:26","modified_gmt":"2026-04-05T09:56:26","slug":"ueber-volker-keller","status":"publish","type":"page","link":"https:\/\/vkmusic.de\/?page_id=47","title":{"rendered":"\u00dcber Volker Keller"},"content":{"rendered":"\n<p>(Scroll down for English Bio)<\/p>\n\n\n\n<figure class=\"wp-block-image size-large\"><img fetchpriority=\"high\" decoding=\"async\" width=\"1024\" height=\"576\" src=\"https:\/\/vkmusic.de\/wp-content\/uploads\/2025\/04\/IMG_2615-1024x576.jpeg\" alt=\"\" class=\"wp-image-1360\" srcset=\"https:\/\/vkmusic.de\/wp-content\/uploads\/2025\/04\/IMG_2615-1024x576.jpeg 1024w, https:\/\/vkmusic.de\/wp-content\/uploads\/2025\/04\/IMG_2615-300x169.jpeg 300w, https:\/\/vkmusic.de\/wp-content\/uploads\/2025\/04\/IMG_2615-768x432.jpeg 768w, https:\/\/vkmusic.de\/wp-content\/uploads\/2025\/04\/IMG_2615-1536x864.jpeg 1536w, https:\/\/vkmusic.de\/wp-content\/uploads\/2025\/04\/IMG_2615-2048x1152.jpeg 2048w\" sizes=\"(max-width: 1024px) 100vw, 1024px\" \/><figcaption class=\"wp-element-caption\">Volker Keller I Singer-Songwriter I Stuttgart I www.vkmusic.de I @volkerkellermusic<\/figcaption><\/figure>\n\n\n\n<p>Volker Keller erblickte 1968 im oberschw\u00e4bischen Riedlingen das Licht der Welt. Durch ein musikalisches Elternhaus gepr\u00e4gt, lernte er schon fr\u00fch Klavier und Gitarre spielen und schrieb bereits Anfang der 80-er Jahre seine ersten Songs.<\/p>\n\n\n\n<p>Aufgewachsen in Zwiefalten, umrahmte Volker Keller musikalisch mit der Band &#8222;Dynamic&#8220; viele Jahre im barocken M\u00fcnster Jugendgottesdienste und sang in mehreren Ch\u00f6ren.<\/p>\n\n\n<div class=\"wp-block-image\">\n<figure class=\"aligncenter size-large\"><img decoding=\"async\" width=\"768\" height=\"1024\" src=\"https:\/\/vkmusic.de\/wp-content\/uploads\/2026\/01\/IMG_0814-768x1024.jpeg\" alt=\"\" class=\"wp-image-1556\" srcset=\"https:\/\/vkmusic.de\/wp-content\/uploads\/2026\/01\/IMG_0814-768x1024.jpeg 768w, https:\/\/vkmusic.de\/wp-content\/uploads\/2026\/01\/IMG_0814-225x300.jpeg 225w, https:\/\/vkmusic.de\/wp-content\/uploads\/2026\/01\/IMG_0814-1152x1536.jpeg 1152w, https:\/\/vkmusic.de\/wp-content\/uploads\/2026\/01\/IMG_0814-1536x2048.jpeg 1536w, https:\/\/vkmusic.de\/wp-content\/uploads\/2026\/01\/IMG_0814-scaled.jpeg 1920w\" sizes=\"(max-width: 768px) 100vw, 768px\" \/><figcaption class=\"wp-element-caption\">Volker Keller I Singer-Songwriter I Stuttgart I www.vkmusic.de I @volkerkellermusic<\/figcaption><\/figure>\n<\/div>\n\n\n<p>Volker Keller lebt seit vielen Jahren in Stuttgart, ist verheiratet und hat zwei Kinder. <br>Er schreibt Songs &#8222;f\u00fcr Kleine&#8220; und &#8222;f\u00fcr Grosse&#8220; in deutscher und englischer Sprache und hat mittlerweile \u00fcber 80 Singles und Alben ver\u00f6ffentlicht.<\/p>\n\n\n\n<p>Seit 2025 ver\u00f6ffentlicht Volker Keller seine Kindermusik unter <strong>&#8222;Kellogs Kinderlieder&#8220;<\/strong> sowie die instrumentalen Kompositionen unter dem K\u00fcnstlernamen <strong>&#8222;all in harmonies&#8220; <\/strong>&#8211; instrumentale Musik mit sph\u00e4rischem und cinematischen Sound, Piano, Flute und Gitarren-Elementen.<\/p>\n\n\n\n<figure class=\"wp-block-image size-large\"><img decoding=\"async\" width=\"1024\" height=\"576\" src=\"https:\/\/vkmusic.de\/wp-content\/uploads\/2026\/04\/IMG_1660-1024x576.jpeg\" alt=\"\" class=\"wp-image-1634\" srcset=\"https:\/\/vkmusic.de\/wp-content\/uploads\/2026\/04\/IMG_1660-1024x576.jpeg 1024w, https:\/\/vkmusic.de\/wp-content\/uploads\/2026\/04\/IMG_1660-300x169.jpeg 300w, https:\/\/vkmusic.de\/wp-content\/uploads\/2026\/04\/IMG_1660-768x432.jpeg 768w, https:\/\/vkmusic.de\/wp-content\/uploads\/2026\/04\/IMG_1660-1536x864.jpeg 1536w, https:\/\/vkmusic.de\/wp-content\/uploads\/2026\/04\/IMG_1660-2048x1152.jpeg 2048w\" sizes=\"(max-width: 1024px) 100vw, 1024px\" \/><\/figure>\n\n\n\n<p><\/p>\n\n\n\n<p>Volker Keller is a Singer-Songwriter from Stuttgart, Germany. He is playing piano, guitar, ukulele and cajon and he is singing in several choirs in the South of Germany.<\/p>\n<p>Volker has started to write songs in German and English already when he was a student in the eighties.<\/p>\n<p>Since 2025 Volker Keller is publishing his childrens music under the artist name <strong>&#8222;Kellogs Kinderlieder&#8220;<\/strong> and the instrumental compositions under the artist name <strong>&#8222;all in harmonies&#8220;<\/strong><br \/>Instrumental music with spheric and cinematic sound, piano, flute and guitar elements.<\/p>\n<p>In the meantime, Volker Keller has published more than 80 songs and albums.<\/p>\n\n\n\n<figure class=\"wp-block-image size-large\"><img loading=\"lazy\" decoding=\"async\" width=\"1024\" height=\"731\" src=\"https:\/\/vkmusic.de\/wp-content\/uploads\/2024\/07\/IMG_4013-1024x731.jpeg\" alt=\"\" class=\"wp-image-1174\" srcset=\"https:\/\/vkmusic.de\/wp-content\/uploads\/2024\/07\/IMG_4013-1024x731.jpeg 1024w, https:\/\/vkmusic.de\/wp-content\/uploads\/2024\/07\/IMG_4013-300x214.jpeg 300w, https:\/\/vkmusic.de\/wp-content\/uploads\/2024\/07\/IMG_4013-768x549.jpeg 768w, https:\/\/vkmusic.de\/wp-content\/uploads\/2024\/07\/IMG_4013-1536x1097.jpeg 1536w, https:\/\/vkmusic.de\/wp-content\/uploads\/2024\/07\/IMG_4013-2048x1463.jpeg 2048w\" sizes=\"(max-width: 1024px) 100vw, 1024px\" \/><figcaption class=\"wp-element-caption\">Volker Keller I Singer-Songwriter I Stuttgart I www.vkmusic.de I @volkerkellermusic<\/figcaption><\/figure>\n\n\n\n<p><strong>music can unite people<\/strong> \u2013 this is his experience since many years and he enjoys to interact with other musicians and his followers and fans around the globe.<\/p>\n\n\n\n<figure class=\"wp-block-image size-large\"><img loading=\"lazy\" decoding=\"async\" width=\"1024\" height=\"1024\" src=\"https:\/\/vkmusic.de\/wp-content\/uploads\/2024\/11\/image00010-1024x1024.jpeg\" alt=\"\" class=\"wp-image-1238\" srcset=\"https:\/\/vkmusic.de\/wp-content\/uploads\/2024\/11\/image00010-1024x1024.jpeg 1024w, https:\/\/vkmusic.de\/wp-content\/uploads\/2024\/11\/image00010-300x300.jpeg 300w, https:\/\/vkmusic.de\/wp-content\/uploads\/2024\/11\/image00010-150x150.jpeg 150w, https:\/\/vkmusic.de\/wp-content\/uploads\/2024\/11\/image00010-768x768.jpeg 768w, https:\/\/vkmusic.de\/wp-content\/uploads\/2024\/11\/image00010-1536x1536.jpeg 1536w, https:\/\/vkmusic.de\/wp-content\/uploads\/2024\/11\/image00010-2048x2048.jpeg 2048w\" sizes=\"(max-width: 1024px) 100vw, 1024px\" \/><figcaption class=\"wp-element-caption\">Volker Keller I Singer-Songwriter I Stuttgart I www.vkmusic.de I @volkerkellermusic<\/figcaption><\/figure>\n\n\n\n<figure class=\"wp-block-image size-large is-resized\"><img loading=\"lazy\" decoding=\"async\" width=\"1024\" height=\"552\" src=\"https:\/\/vkmusic.de\/wp-content\/uploads\/2024\/07\/IMG_5915-1-1024x552.jpeg\" alt=\"\" class=\"wp-image-1171\" style=\"width:840px;height:auto\" srcset=\"https:\/\/vkmusic.de\/wp-content\/uploads\/2024\/07\/IMG_5915-1-1024x552.jpeg 1024w, https:\/\/vkmusic.de\/wp-content\/uploads\/2024\/07\/IMG_5915-1-300x162.jpeg 300w, https:\/\/vkmusic.de\/wp-content\/uploads\/2024\/07\/IMG_5915-1-768x414.jpeg 768w, https:\/\/vkmusic.de\/wp-content\/uploads\/2024\/07\/IMG_5915-1-1536x828.jpeg 1536w, https:\/\/vkmusic.de\/wp-content\/uploads\/2024\/07\/IMG_5915-1-2048x1104.jpeg 2048w\" sizes=\"(max-width: 1024px) 100vw, 1024px\" \/><figcaption class=\"wp-element-caption\">Volker Keller I Singer-Songwriter I Stuttgart I www.vkmusic.de I @volkerkellermusic<\/figcaption><\/figure>\n\n\n\n<figure class=\"wp-block-image size-large is-style-default\"><img loading=\"lazy\" decoding=\"async\" width=\"1024\" height=\"637\" src=\"https:\/\/vkmusic.de\/wp-content\/uploads\/2021\/06\/Volker-See-8-1024x637.png\" alt=\"\" class=\"wp-image-342\" srcset=\"https:\/\/vkmusic.de\/wp-content\/uploads\/2021\/06\/Volker-See-8-1024x637.png 1024w, https:\/\/vkmusic.de\/wp-content\/uploads\/2021\/06\/Volker-See-8-300x187.png 300w, https:\/\/vkmusic.de\/wp-content\/uploads\/2021\/06\/Volker-See-8-768x478.png 768w, https:\/\/vkmusic.de\/wp-content\/uploads\/2021\/06\/Volker-See-8-1536x956.png 1536w, https:\/\/vkmusic.de\/wp-content\/uploads\/2021\/06\/Volker-See-8-2048x1275.png 2048w\" sizes=\"(max-width: 1024px) 100vw, 1024px\" \/><figcaption class=\"wp-element-caption\">Volker Keller I Singer-Songwriter I Stuttgart I Fotoshooting beim Dreh des Musikvideos &#8222;easy going&#8220; I www.vkmusic.de<\/figcaption><\/figure>\n\n\n\n<p><\/p>\n","protected":false},"excerpt":{"rendered":"<p>(Scroll down for English Bio) Volker Keller erblickte 1968 im oberschw\u00e4bischen Riedlingen das Licht der Welt. Durch ein musikalisches Elternhaus gepr\u00e4gt, lernte er schon fr\u00fch Klavier und Gitarre spielen und schrieb bereits Anfang der 80-er Jahre seine ersten Songs. Aufgewachsen in Zwiefalten, umrahmte Volker Keller musikalisch mit der Band &#8222;Dynamic&#8220; viele Jahre im barocken M\u00fcnster [&hellip;]<\/p>\n","protected":false},"author":1,"featured_media":0,"parent":0,"menu_order":0,"comment_status":"closed","ping_status":"closed","template":"","meta":{"footnotes":""},"class_list":["post-47","page","type-page","status-publish","hentry"],"_links":{"self":[{"href":"https:\/\/vkmusic.de\/index.php?rest_route=\/wp\/v2\/pages\/47","targetHints":{"allow":["GET"]}}],"collection":[{"href":"https:\/\/vkmusic.de\/index.php?rest_route=\/wp\/v2\/pages"}],"about":[{"href":"https:\/\/vkmusic.de\/index.php?rest_route=\/wp\/v2\/types\/page"}],"author":[{"embeddable":true,"href":"https:\/\/vkmusic.de\/index.php?rest_route=\/wp\/v2\/users\/1"}],"replies":[{"embeddable":true,"href":"https:\/\/vkmusic.de\/index.php?rest_route=%2Fwp%2Fv2%2Fcomments&post=47"}],"version-history":[{"count":109,"href":"https:\/\/vkmusic.de\/index.php?rest_route=\/wp\/v2\/pages\/47\/revisions"}],"predecessor-version":[{"id":1638,"href":"https:\/\/vkmusic.de\/index.php?rest_route=\/wp\/v2\/pages\/47\/revisions\/1638"}],"wp:attachment":[{"href":"https:\/\/vkmusic.de\/index.php?rest_route=%2Fwp%2Fv2%2Fmedia&parent=47"}],"curies":[{"name":"wp","href":"https:\/\/api.w.org\/{rel}","templated":true}]}}