{"id":2,"date":"2021-05-15T16:36:49","date_gmt":"2021-05-15T16:36:49","guid":{"rendered":"http:\/\/vkmusic.de\/?page_id=2"},"modified":"2026-04-05T11:49:57","modified_gmt":"2026-04-05T09:49:57","slug":"sample-page","status":"publish","type":"page","link":"https:\/\/vkmusic.de\/","title":{"rendered":"Home"},"content":{"rendered":"\n<p><\/p>\n\n\n\n<h4>Kellogs Kinderlieder<\/h4>\n\n\n\n<p>Erfahre mehr dazu auf meiner Seite <a href=\"https:\/\/vkmusic.de\/?page_id=46\">&#8222;MUSIK F\u00dcR KLEINE&#8220;<\/a><\/p>\n\n\n\n<figure class=\"wp-block-image size-large\"><img fetchpriority=\"high\" decoding=\"async\" width=\"1024\" height=\"576\" src=\"https:\/\/vkmusic.de\/wp-content\/uploads\/2026\/03\/IMG_1581-1024x576.jpeg\" alt=\"\" class=\"wp-image-1613\" srcset=\"https:\/\/vkmusic.de\/wp-content\/uploads\/2026\/03\/IMG_1581-1024x576.jpeg 1024w, https:\/\/vkmusic.de\/wp-content\/uploads\/2026\/03\/IMG_1581-300x169.jpeg 300w, https:\/\/vkmusic.de\/wp-content\/uploads\/2026\/03\/IMG_1581-768x432.jpeg 768w, https:\/\/vkmusic.de\/wp-content\/uploads\/2026\/03\/IMG_1581-1536x864.jpeg 1536w, https:\/\/vkmusic.de\/wp-content\/uploads\/2026\/03\/IMG_1581-2048x1152.jpeg 2048w\" sizes=\"(max-width: 1024px) 100vw, 1024px\" \/><\/figure>\n\n\n\n\n\n\n\n<h5>\u00a0<\/h5>\n<h5>NEU &#8211; Das Schloss im Wald<\/h5>\n<p>zum Anh\u00f6ren bitte unten auf das Bild klicken<\/p>\n\n\n\n<figure class=\"wp-block-image size-large\"><a href=\"https:\/\/distrokid.com\/hyperfollow\/kellogskinderlieder\/das-schloss-im-wald-feat-volker-keller\" target=\"_blank\" rel=\"https:\/\/distrokid.com\/hyperfollow\/kellogskinderlieder\/das-schloss-im-wald-feat-volker-keller\"><img decoding=\"async\" width=\"1024\" height=\"576\" src=\"https:\/\/vkmusic.de\/wp-content\/uploads\/2026\/03\/Das-Schloss-im-Wald-WEB-1024x576.png\" alt=\"\" class=\"wp-image-1606\" srcset=\"https:\/\/vkmusic.de\/wp-content\/uploads\/2026\/03\/Das-Schloss-im-Wald-WEB-1024x576.png 1024w, https:\/\/vkmusic.de\/wp-content\/uploads\/2026\/03\/Das-Schloss-im-Wald-WEB-300x169.png 300w, https:\/\/vkmusic.de\/wp-content\/uploads\/2026\/03\/Das-Schloss-im-Wald-WEB-768x432.png 768w, https:\/\/vkmusic.de\/wp-content\/uploads\/2026\/03\/Das-Schloss-im-Wald-WEB.png 1264w\" sizes=\"(max-width: 1024px) 100vw, 1024px\" \/><\/a><\/figure>\n\n\n\n<p>&nbsp;<\/p>\n<p>&nbsp;<\/p>\n\n\n\n<h5 class=\"wp-block-heading has-text-align-center\">Das Begr\u00fc\u00dfungslied f\u00fcr den Kindergarten Sonnenschein<\/h5>\n\n\n\n<figure class=\"wp-block-embed is-type-rich is-provider-spotify wp-block-embed-spotify wp-embed-aspect-21-9 wp-has-aspect-ratio\"><div class=\"wp-block-embed__wrapper\">\n<iframe title=\"Spotify Embed: Guten Morgen miteinander - Live im Kindergarten\" style=\"border-radius: 12px\" width=\"100%\" height=\"152\" frameborder=\"0\" allowfullscreen allow=\"autoplay; clipboard-write; encrypted-media; fullscreen; picture-in-picture\" loading=\"lazy\" src=\"https:\/\/open.spotify.com\/embed\/track\/2qbWIhdqWwJQbPx3xx6aeD?si=89a459eaf78c4fdb&amp;utm_source=oembed\"><\/iframe>\n<\/div><\/figure>\n\n\n\n<h5 class=\"wp-block-heading has-text-align-center\">Das Fr\u00fchlingskinderlied zu Ostern<\/h5>\n\n\n\n<figure class=\"wp-block-embed is-type-rich is-provider-spotify wp-block-embed-spotify wp-embed-aspect-21-9 wp-has-aspect-ratio\"><div class=\"wp-block-embed__wrapper\">\n<iframe title=\"Spotify Embed: Osterhasenkinder\" style=\"border-radius: 12px\" width=\"100%\" height=\"152\" frameborder=\"0\" allowfullscreen allow=\"autoplay; clipboard-write; encrypted-media; fullscreen; picture-in-picture\" loading=\"lazy\" src=\"https:\/\/open.spotify.com\/embed\/track\/4YEfAP4xh4Tr6SoMrUZGZh?si=641ba24ceffa4e9c&amp;utm_source=oembed\"><\/iframe>\n<\/div><\/figure>\n\n\n\n<h4>music project &#8222;all in harmonies&#8220;<\/h4>\n\n\n\n<p>Instrumental music with spheric and cinematic sound, piano, flute and guitar elements.<br><br>listen now on your preferred streaming platform <br><\/p>\n\n\n\n<figure class=\"wp-block-image size-large\"><img decoding=\"async\" width=\"1024\" height=\"576\" src=\"https:\/\/vkmusic.de\/wp-content\/uploads\/2025\/04\/aih-header-background-blue-1024x576.jpg\" alt=\"\" class=\"wp-image-1347\" srcset=\"https:\/\/vkmusic.de\/wp-content\/uploads\/2025\/04\/aih-header-background-blue-1024x576.jpg 1024w, https:\/\/vkmusic.de\/wp-content\/uploads\/2025\/04\/aih-header-background-blue-300x169.jpg 300w, https:\/\/vkmusic.de\/wp-content\/uploads\/2025\/04\/aih-header-background-blue-768x432.jpg 768w, https:\/\/vkmusic.de\/wp-content\/uploads\/2025\/04\/aih-header-background-blue-1536x864.jpg 1536w, https:\/\/vkmusic.de\/wp-content\/uploads\/2025\/04\/aih-header-background-blue.jpg 1920w\" sizes=\"(max-width: 1024px) 100vw, 1024px\" \/><\/figure>\n\n\n\n\n\n<figure class=\"wp-block-embed is-type-video is-provider-youtube wp-block-embed-youtube wp-embed-aspect-16-9 wp-has-aspect-ratio\"><div class=\"wp-block-embed__wrapper\">\n<iframe title=\"westcoast, the new music video by all in harmonies #highway1 #pacificcoast #ambientmusic #westcoast\" width=\"640\" height=\"360\" src=\"https:\/\/www.youtube.com\/embed\/WB_nTmDF2Y8?feature=oembed\" frameborder=\"0\" allow=\"accelerometer; autoplay; clipboard-write; encrypted-media; gyroscope; picture-in-picture; web-share\" referrerpolicy=\"strict-origin-when-cross-origin\" allowfullscreen><\/iframe>\n<\/div><figcaption class=\"wp-element-caption\">westcoast &#8211; the music video on YouTube by @all_in_harmonies<\/figcaption><\/figure>\n\n\n\n\n\n<p>&nbsp;<\/p>\n<p>&nbsp;<\/p>\n\n\n\n\n\n<p><\/p>\n\n\n\n<h4><strong><em>Filly, die kleine Ameise<\/em><\/strong><\/h4>\n\n\n\n<figure class=\"wp-block-image size-large\"><img loading=\"lazy\" decoding=\"async\" width=\"1024\" height=\"1024\" src=\"https:\/\/vkmusic.de\/wp-content\/uploads\/2021\/10\/Filly-Promo-Bild-3-1-1024x1024.png\" alt=\"\" class=\"wp-image-735\" srcset=\"https:\/\/vkmusic.de\/wp-content\/uploads\/2021\/10\/Filly-Promo-Bild-3-1-1024x1024.png 1024w, https:\/\/vkmusic.de\/wp-content\/uploads\/2021\/10\/Filly-Promo-Bild-3-1-300x300.png 300w, https:\/\/vkmusic.de\/wp-content\/uploads\/2021\/10\/Filly-Promo-Bild-3-1-150x150.png 150w, https:\/\/vkmusic.de\/wp-content\/uploads\/2021\/10\/Filly-Promo-Bild-3-1-768x768.png 768w, https:\/\/vkmusic.de\/wp-content\/uploads\/2021\/10\/Filly-Promo-Bild-3-1.png 1082w\" sizes=\"(max-width: 1024px) 100vw, 1024px\" \/><\/figure>\n\n\n\n<p>Eine spannende Liedergeschichte f\u00fcr Kinder \u00fcber Freundschaft und Hilfsbereitschaft.<\/p>\n<p>Das Kinderbuch mit vielen Illustrationen von Daniela Nemitz-Keller und Melina Keller ist \u00fcberall im Buchhandel erh\u00e4ltlich sowie direkt bei den Autoren.<\/p>\n<h4>&nbsp;<\/h4>\n\n\n\n\n\n<p>&nbsp;<\/p>\n<p>&nbsp;<\/p>\n\n\n\n<h4><strong>Musikvideo <em>Sommermorgen<\/em><\/strong><\/h4>\n\n\n\n<figure class=\"wp-block-embed is-type-video is-provider-youtube wp-block-embed-youtube wp-embed-aspect-16-9 wp-has-aspect-ratio\"><div class=\"wp-block-embed__wrapper\">\n<iframe title=\"Sommermorgen - Volker Keller - offizielles Musikvideo - www.vkmusic.de #liedermacher #spotifyartist\" width=\"640\" height=\"360\" src=\"https:\/\/www.youtube.com\/embed\/Ru3AscB8Ehs?feature=oembed\" frameborder=\"0\" allow=\"accelerometer; autoplay; clipboard-write; encrypted-media; gyroscope; picture-in-picture; web-share\" referrerpolicy=\"strict-origin-when-cross-origin\" allowfullscreen><\/iframe>\n<\/div><\/figure>\n\n\n\n<h4><strong>Musikvideo <em>summertime<\/em><\/strong><\/h4>\n\n\n\n<figure class=\"wp-block-embed is-type-video is-provider-youtube wp-block-embed-youtube wp-embed-aspect-16-9 wp-has-aspect-ratio\"><div class=\"wp-block-embed__wrapper\">\n<iframe title=\"summertime by Volker Keller (official music video) - the new uplifting summer song - good vibes only\" width=\"640\" height=\"360\" src=\"https:\/\/www.youtube.com\/embed\/WkkK0U01DSE?feature=oembed\" frameborder=\"0\" allow=\"accelerometer; autoplay; clipboard-write; encrypted-media; gyroscope; picture-in-picture; web-share\" referrerpolicy=\"strict-origin-when-cross-origin\" allowfullscreen><\/iframe>\n<\/div><\/figure>\n\n\n\n<h4 class=\"wp-block-heading\"><strong>Musikvideo <em>easy going<\/em><\/strong><\/h4>\n\n\n\n<figure class=\"wp-block-embed is-type-video is-provider-youtube wp-block-embed-youtube wp-embed-aspect-16-9 wp-has-aspect-ratio\"><div class=\"wp-block-embed__wrapper\">\n<iframe title=\"Volker Keller easy going\" width=\"640\" height=\"360\" src=\"https:\/\/www.youtube.com\/embed\/WZ4SK-96tIQ?feature=oembed\" frameborder=\"0\" allow=\"accelerometer; autoplay; clipboard-write; encrypted-media; gyroscope; picture-in-picture; web-share\" referrerpolicy=\"strict-origin-when-cross-origin\" allowfullscreen><\/iframe>\n<\/div><\/figure>\n\n\n\n<p><\/p>\n\n\n\n\n\n\n\n<p class=\"has-luminous-vivid-orange-color has-text-color has-medium-font-size\"><\/p>\n\n\n<div class=\"wp-block-image\">\n<figure class=\"aligncenter size-large\"><img loading=\"lazy\" decoding=\"async\" width=\"512\" height=\"512\" src=\"https:\/\/vkmusic.de\/wp-content\/uploads\/2021\/05\/cropped-vkmusic-logo-small.jpg\" alt=\"\" class=\"wp-image-168\" srcset=\"https:\/\/vkmusic.de\/wp-content\/uploads\/2021\/05\/cropped-vkmusic-logo-small.jpg 512w, https:\/\/vkmusic.de\/wp-content\/uploads\/2021\/05\/cropped-vkmusic-logo-small-300x300.jpg 300w, https:\/\/vkmusic.de\/wp-content\/uploads\/2021\/05\/cropped-vkmusic-logo-small-150x150.jpg 150w, https:\/\/vkmusic.de\/wp-content\/uploads\/2021\/05\/cropped-vkmusic-logo-small-270x270.jpg 270w, https:\/\/vkmusic.de\/wp-content\/uploads\/2021\/05\/cropped-vkmusic-logo-small-192x192.jpg 192w, https:\/\/vkmusic.de\/wp-content\/uploads\/2021\/05\/cropped-vkmusic-logo-small-180x180.jpg 180w, https:\/\/vkmusic.de\/wp-content\/uploads\/2021\/05\/cropped-vkmusic-logo-small-32x32.jpg 32w\" sizes=\"(max-width: 512px) 100vw, 512px\" \/><\/figure>\n<\/div>","protected":false},"excerpt":{"rendered":"<p>Kellogs Kinderlieder Erfahre mehr dazu auf meiner Seite &#8222;MUSIK F\u00dcR KLEINE&#8220; \u00a0 NEU &#8211; Das Schloss im Wald zum Anh\u00f6ren bitte unten auf das Bild klicken &nbsp; &nbsp; Das Begr\u00fc\u00dfungslied f\u00fcr den Kindergarten Sonnenschein Das Fr\u00fchlingskinderlied zu Ostern music project &#8222;all in harmonies&#8220; Instrumental music with spheric and cinematic sound, piano, flute and guitar elements. [&hellip;]<\/p>\n","protected":false},"author":1,"featured_media":0,"parent":0,"menu_order":0,"comment_status":"closed","ping_status":"open","template":"","meta":{"footnotes":""},"class_list":["post-2","page","type-page","status-publish","hentry"],"_links":{"self":[{"href":"https:\/\/vkmusic.de\/index.php?rest_route=\/wp\/v2\/pages\/2","targetHints":{"allow":["GET"]}}],"collection":[{"href":"https:\/\/vkmusic.de\/index.php?rest_route=\/wp\/v2\/pages"}],"about":[{"href":"https:\/\/vkmusic.de\/index.php?rest_route=\/wp\/v2\/types\/page"}],"author":[{"embeddable":true,"href":"https:\/\/vkmusic.de\/index.php?rest_route=\/wp\/v2\/users\/1"}],"replies":[{"embeddable":true,"href":"https:\/\/vkmusic.de\/index.php?rest_route=%2Fwp%2Fv2%2Fcomments&post=2"}],"version-history":[{"count":394,"href":"https:\/\/vkmusic.de\/index.php?rest_route=\/wp\/v2\/pages\/2\/revisions"}],"predecessor-version":[{"id":1630,"href":"https:\/\/vkmusic.de\/index.php?rest_route=\/wp\/v2\/pages\/2\/revisions\/1630"}],"wp:attachment":[{"href":"https:\/\/vkmusic.de\/index.php?rest_route=%2Fwp%2Fv2%2Fmedia&parent=2"}],"curies":[{"name":"wp","href":"https:\/\/api.w.org\/{rel}","templated":true}]}}